{"id":2,"date":"2024-02-26T18:20:48","date_gmt":"2024-02-26T18:20:48","guid":{"rendered":"https:\/\/biblioteca.uaaan.edu.mx\/?page_id=2"},"modified":"2024-03-07T19:10:37","modified_gmt":"2024-03-07T19:10:37","slug":"sample-page","status":"publish","type":"page","link":"https:\/\/biblioteca.uaaan.edu.mx\/index.php\/sample-page\/","title":{"rendered":"\u00bfQui\u00e9nes somos?"},"content":{"rendered":"<p>[et_pb_section fb_built=\u00bb1&#8243; admin_label=\u00bbHeader\u00bb _builder_version=\u00bb4.24.2&#8243; overflow-x=\u00bbhidden\u00bb overflow-y=\u00bbhidden\u00bb custom_padding=\u00bb5vw||||false|false\u00bb locked=\u00bboff\u00bb global_colors_info=\u00bb{}\u00bb][et_pb_row _builder_version=\u00bb4.24.2&#8243; global_colors_info=\u00bb{}\u00bb][et_pb_column type=\u00bb4_4&#8243; _builder_version=\u00bb4.16&#8243; global_colors_info=\u00bb{}\u00bb][et_pb_text _builder_version=\u00bb4.24.2&#8243; text_font=\u00bbCutive Mono||||||||\u00bb text_text_color=\u00bbrgba(0,0,0,0.04)\u00bb text_font_size=\u00bb38vw\u00bb text_letter_spacing=\u00bb-0.12em\u00bb text_line_height=\u00bb0.5em\u00bb header_2_text_color=\u00bb#000000&#8243; positioning=\u00bbabsolute\u00bb position_origin_a=\u00bbtop_right\u00bb text_orientation=\u00bbright\u00bb custom_margin=\u00bb12%|-20vw|||false|false\u00bb global_colors_info=\u00bb{}\u00bb]<\/p>\n<p>UAAAN<\/p>\n<p>[\/et_pb_text][et_pb_text _builder_version=\u00bb4.16&#8243; header_font=\u00bbCutive Mono||||||||\u00bb header_text_color=\u00bb#000000&#8243; header_font_size=\u00bb90px\u00bb header_letter_spacing=\u00bb-0.1em\u00bb header_2_text_color=\u00bb#000000&#8243; background_image=\u00bbhttps:\/\/biblioteca.uaaan.edu.mx\/wp-content\/uploads\/2024\/02\/freelance-writer-06.png\u00bb background_size=\u00bbinitial\u00bb background_position=\u00bbbottom_left\u00bb z_index=\u00bb1&#8243; header_font_size_tablet=\u00bb64px\u00bb header_font_size_phone=\u00bb32px\u00bb header_font_size_last_edited=\u00bbon|phone\u00bb header_letter_spacing_tablet=\u00bb-8px\u00bb header_letter_spacing_phone=\u00bb-4px\u00bb header_letter_spacing_last_edited=\u00bboff|tablet\u00bb global_colors_info=\u00bb{}\u00bb]<\/p>\n<h1>\u00bfQuienes somos?<\/h1>\n<p>[\/et_pb_text][et_pb_image src=\u00bbhttps:\/\/biblioteca.uaaan.edu.mx\/wp-content\/uploads\/2024\/02\/freelance-writer-05.png\u00bb title_text=\u00bbfreelance-writer-05&#8243; align=\u00bbcenter\u00bb _builder_version=\u00bb4.16&#8243; global_colors_info=\u00bb{}\u00bb][\/et_pb_image][\/et_pb_column][\/et_pb_row][et_pb_row column_structure=\u00bb1_2,1_2&#8243; _builder_version=\u00bb4.24.2&#8243; custom_margin=\u00bb8vw|auto||auto|false|false\u00bb global_colors_info=\u00bb{}\u00bb][et_pb_column type=\u00bb1_2&#8243; _builder_version=\u00bb4.16&#8243; global_colors_info=\u00bb{}\u00bb][et_pb_image src=\u00bbhttps:\/\/biblioteca.uaaan.edu.mx\/wp-content\/uploads\/2024\/03\/DonAntonio.jpg\u00bb title_text=\u00bbDonAntonio\u00bb _builder_version=\u00bb4.24.2&#8243; global_colors_info=\u00bb{}\u00bb][\/et_pb_image][et_pb_image src=\u00bbhttps:\/\/biblioteca.uaaan.edu.mx\/wp-content\/uploads\/2024\/02\/freelance-writer-11-1.png\u00bb title_text=\u00bbfreelance-writer-11&#8243; admin_label=\u00bbImage\u00bb _builder_version=\u00bb4.16&#8243; custom_margin=\u00bb-4vw|-20vw|-4vw|60px|true|false\u00bb custom_margin_tablet=\u00bb-10vw|60px|-10vw|-20vw|true|false\u00bb custom_margin_phone=\u00bb\u00bb custom_margin_last_edited=\u00bbon|tablet\u00bb locked=\u00bboff\u00bb global_colors_info=\u00bb{}\u00bb][\/et_pb_image][et_pb_text _builder_version=\u00bb4.16&#8243; text_font=\u00bbUbuntu||||||||\u00bb text_font_size=\u00bb16px\u00bb text_line_height=\u00bb1.8em\u00bb header_2_text_color=\u00bb#000000&#8243; custom_margin=\u00bb||||false|false\u00bb custom_padding=\u00bb||0px|||\u00bb text_font_size_tablet=\u00bb14px\u00bb text_font_size_phone=\u00bb\u00bb text_font_size_last_edited=\u00bbon|phone\u00bb global_colors_info=\u00bb{}\u00bb]<\/p>\n<h3><strong>Don Jos\u00e9 Antonio Narro Rodr\u00edguez<\/strong><\/h3>\n<p><strong><\/strong><span>\u00a0 <\/span>(1840-1912)<\/p>\n<p>[\/et_pb_text][et_pb_text _builder_version=\u00bb4.16&#8243; text_font=\u00bbUbuntu||||||||\u00bb text_line_height=\u00bb1.8em\u00bb header_3_font=\u00bbUbuntu|700|||||||\u00bb header_3_font_size=\u00bb18px\u00bb header_3_line_height=\u00bb1.4em\u00bb custom_padding=\u00bb14px||0px|||\u00bb global_colors_info=\u00bb{}\u00bb]<\/p>\n<h3>Antecedentes hist\u00f3ricos<\/h3>\n<p><span>En su testamento Don Antonio Narro Rodr\u00edguez (1840 \u2013 1912) noble y generoso agricultor leg\u00f3 al morir toda su fortuna para la fundaci\u00f3n de la escuela que lleva su nombre. Deja la hacienda de Buenavista, con todos sus enseres y aperos de labranza, y en distintos cr\u00e9ditos, con valor aproximado de $ 70.000.00 y otros bienes, para que se forme y sostenga una Escuela de Agricultura como instituci\u00f3n de Beneficencia.<\/span><\/p>\n<p><span>Buenavista es un lugar hist\u00f3rico, a dos escasos kil\u00f3metros al Sur de las lomas que descienden de la alta sierra de Zapalinam\u00e9 en forma de pelda\u00f1os de una escalera, estrechan el valle formando el lugar conocido con el nombre de Angostura.<\/span><\/p>\n<p><span>La batalla de La Angostura o de Buenavista fue un enfrentamiento militar entre Estados Unidos, estos, por su parte, al mando del General Taylor, y M\u00e9xico, estos, por su parte, al mando del Gral. Santa Anna durante la Guerra de Intervenci\u00f3n Estadounidense entre el 22 y el 23 de febrero de 1847 en un lugar llamado Puerto de la Angostura cercano a la ciudad de Saltillo, en el estado de Coahuila.<\/span><\/p>\n<p><span>En la cual, por una sucesi\u00f3n de hechos que parece imposible, las armas de M\u00e9xico se cubrieron de verg\u00fcenza y gloria.<\/span><\/p>\n<p><span>En el fondo de la Huerta de la Hacienda, que por mucho tiempo se llamo, \u201cPante\u00f3n de los Americanos\u201d el General Taylor mando abrir una enorme zanja que sirvi\u00f3 de sepultura a m\u00e1s de un millar de cad\u00e1veres.<\/span><\/p>\n<p><span>Este hecho fue comprobado el a\u00f1o de 1939 cuando un grupo de trabajadores, al excavar para la realizaci\u00f3n de algunas obras, descubrieron cantidad de huesos humanos, adem\u00e1s de algunas monedas de procedencia norteamericana, hebillas y otras cosas que formaban parte de los arreos de los soldados.<\/span><\/p>\n<p><span>En junio de 1921, por iniciativa de Don Francisco Narro Acu\u00f1a, albacea del legado de Don Antonio Narro Rodr\u00edguez, se aprob\u00f3 la creaci\u00f3n de una escuela de agricultura en la Hacienda de Buenavista, bajo el reglamento dado por la Secretaria de Agricultura y Fomento para las escuelas granjas.<\/span><\/p>\n<p><span>El edificio de la Escuela de Agricultura se adecuo en el lugar donde estaba la centenaria casona principal de la hacienda de Buenavista en donde vivi\u00f3 los \u00faltimos diecis\u00e9is a\u00f1os de su vida, Don Antonio Narro, se reconstruy\u00f3 el edificio que hoy conocemos como \u201cLa Gloria\u201d, cambiando las habitaciones por salones de clase, sal\u00f3n de f\u00edsica, laboratorios de qu\u00edmica y microscop\u00eda, museo, BIBLIOTECA, observatorio meteorol\u00f3gico y el aula magna, etc.<\/span><\/p>\n<p><span>El 4 de Marzo de 1923 fue inaugurada la Escuela Regional de Agricultura \u201cAntonio Narro\u201d en la Hacienda de Buenavista, concret\u00e1ndose as\u00ed la idea del fil\u00e1ntropo Don Antonio Narro Rodr\u00edguez.<\/span><\/p>\n<p><span>El 6 de Julio de 1938, la escuela pas\u00f3 a depender del gobierno del estado y cambi\u00f3 su nombre por el de Escuela Superior de Agricultura \u201cAntonio Narro\u201d, en 1957 pas\u00f3 a formar parte de la Universidad de Coahuila la cual se fund\u00f3 en dicho a\u00f1o.<\/span><\/p>\n<p><span>El 8 de Noviembre de 1952 es la inauguraci\u00f3n del edificio el Principal, en esta etapa, una vez que fue puesto en servicio se instala la BIBLIOTECA Especializada en Agricultura.<\/span><\/p>\n<p><span>A la Narro se le concedi\u00f3 un donativo para la adquisici\u00f3n de material bibliogr\u00e1fico y hemerogr\u00e1fico por parte de la Fundaci\u00f3n Rockefeller.<\/span><\/p>\n<p><span>En 1971, se crea el Centro de Informaci\u00f3n de Zonas \u00c1ridas (CIZA), con el objeto de concretar, sistematizar y ampliar el acervo de la Biblioteca de la Escuela Superior de Agricultura Antonio Narro, para servicio de los investigadores y estudiantes dedicados en forma especial en el desarrollo de las zonas \u00e1ridas, tambi\u00e9n en esos a\u00f1os, se crean el Colegio de Graduados (CG), y el Centro Nacional de Investigaciones de las Zonas \u00c1ridas (CNIZA).<\/span><\/p>\n<p><span>Estos nuevos departamentos obligaron a la construcci\u00f3n en 1973 de un nuevo edificio que se ubica frente a \u201cLa Gloria\u201d, y que actualmente tiene el nombre de Gabriel Murillo Peralta, en donde se construy\u00f3 un espacio dise\u00f1ado para la BIBLIOTECA a la que se le puso el nombre de \u201cDr. Egidio G. Rebonato\u201d.<\/span><\/p>\n<p><span>Posteriormente en 1987 se inaugura el edificio Francisco Narro Acu\u00f1a, que desde esa fecha alberga a la Subdirecci\u00f3n del Centro de Informaci\u00f3n y Documentaci\u00f3n a la BIBLIOTECA \u201cDr. Egidio G. Rebonato\u201d.<\/span><\/p>\n<p><span>A partir de 1998 la Biblioteca es depositaria de las Publicaciones de la Biblioteca Nacional de Agricultura de los Estados Unidos. En 1999 se firman los convenios de colaboraci\u00f3n como biblioteca depositaria de NAL (Biblioteca Nacional Agr\u00edcola de EU) y CAL (Biblioteca Canadiense de Agricultura).<\/span><\/p>\n<p>[\/et_pb_text][\/et_pb_column][et_pb_column type=\u00bb1_2&#8243; _builder_version=\u00bb4.16&#8243; global_colors_info=\u00bb{}\u00bb][et_pb_social_media_follow _builder_version=\u00bb4.16&#8243; text_orientation=\u00bbcenter\u00bb border_radii=\u00bbon|30px|30px|30px|30px\u00bb locked=\u00bboff\u00bb global_colors_info=\u00bb{}\u00bb][et_pb_social_media_follow_network social_network=\u00bbfacebook\u00bb _builder_version=\u00bb4.16&#8243; background_color=\u00bb#000000&#8243; background_enable_color=\u00bbon\u00bb custom_margin=\u00bb|8px||8px|false|true\u00bb custom_padding=\u00bb10px|10px|10px|10px|true|true\u00bb global_colors_info=\u00bb{}\u00bb follow_button=\u00bboff\u00bb url_new_window=\u00bbon\u00bb]facebook[\/et_pb_social_media_follow_network][et_pb_social_media_follow_network social_network=\u00bbtwitter\u00bb _builder_version=\u00bb4.16&#8243; background_color=\u00bb#000000&#8243; background_enable_color=\u00bbon\u00bb custom_margin=\u00bb|8px||8px|false|true\u00bb custom_padding=\u00bb10px|10px|10px|10px|true|true\u00bb global_colors_info=\u00bb{}\u00bb follow_button=\u00bboff\u00bb url_new_window=\u00bbon\u00bb]twitter[\/et_pb_social_media_follow_network][et_pb_social_media_follow_network social_network=\u00bbinstagram\u00bb _builder_version=\u00bb4.16&#8243; background_color=\u00bb#000000&#8243; background_enable_color=\u00bbon\u00bb custom_margin=\u00bb|8px||8px|false|true\u00bb custom_padding=\u00bb10px|10px|10px|10px|true|true\u00bb global_colors_info=\u00bb{}\u00bb follow_button=\u00bboff\u00bb url_new_window=\u00bbon\u00bb]instagram[\/et_pb_social_media_follow_network][\/et_pb_social_media_follow][\/et_pb_column][\/et_pb_row][\/et_pb_section][et_pb_section fb_built=\u00bb1&#8243; admin_label=\u00bbPhilosophy\u00bb _builder_version=\u00bb4.24.2&#8243; background_image=\u00bbhttps:\/\/biblioteca.uaaan.edu.mx\/wp-content\/uploads\/2024\/03\/freelance-writer-53-1.png\u00bb background_size=\u00bbinitial\u00bb background_position=\u00bbtop_center\u00bb locked=\u00bboff\u00bb global_colors_info=\u00bb{}\u00bb][et_pb_row _builder_version=\u00bb4.16&#8243; locked=\u00bboff\u00bb global_colors_info=\u00bb{}\u00bb][et_pb_column type=\u00bb4_4&#8243; _builder_version=\u00bb4.16&#8243; global_colors_info=\u00bb{}\u00bb][et_pb_image src=\u00bbhttps:\/\/biblioteca.uaaan.edu.mx\/wp-content\/uploads\/2024\/02\/freelance-writer-07.png\u00bb title_text=\u00bbfreelance-writer-07&#8243; align=\u00bbcenter\u00bb _builder_version=\u00bb4.16&#8243; custom_margin=\u00bb||10px||false|false\u00bb locked=\u00bboff\u00bb global_colors_info=\u00bb{}\u00bb][\/et_pb_image][et_pb_text _builder_version=\u00bb4.16&#8243; header_2_font=\u00bbCutive Mono||||||||\u00bb header_2_text_color=\u00bb#000000&#8243; header_2_font_size=\u00bb80px\u00bb header_2_letter_spacing=\u00bb-0.08em\u00bb background_image=\u00bbhttps:\/\/biblioteca.uaaan.edu.mx\/wp-content\/uploads\/2024\/02\/freelance-writer-18.png\u00bb background_size=\u00bbinitial\u00bb background_position=\u00bbbottom_center\u00bb z_index=\u00bb1&#8243; text_orientation=\u00bbcenter\u00bb header_2_font_size_tablet=\u00bb60px\u00bb header_2_font_size_phone=\u00bb30px\u00bb header_2_font_size_last_edited=\u00bbon|desktop\u00bb header_2_letter_spacing_tablet=\u00bb-6px\u00bb header_2_letter_spacing_last_edited=\u00bboff|phone\u00bb locked=\u00bboff\u00bb global_colors_info=\u00bb{}\u00bb header_2_2_font_size_tablet=\u00bb60px\u00bb header_3_2_font_size_tablet=\u00bb60px\u00bb header_4_2_font_size_tablet=\u00bb60px\u00bb header_5_2_font_size_tablet=\u00bb60px\u00bb header_6_2_font_size_tablet=\u00bb60px\u00bb header_2_2_font_size_phone=\u00bb30px\u00bb header_3_2_font_size_phone=\u00bb30px\u00bb header_4_2_font_size_phone=\u00bb30px\u00bb header_5_2_font_size_phone=\u00bb30px\u00bb header_6_2_font_size_phone=\u00bb30px\u00bb header_2_2_font_size_last_edited=\u00bbon|phone\u00bb header_3_2_font_size_last_edited=\u00bbon|phone\u00bb header_4_2_font_size_last_edited=\u00bbon|phone\u00bb header_5_2_font_size_last_edited=\u00bbon|phone\u00bb header_6_2_font_size_last_edited=\u00bbon|phone\u00bb]<\/p>\n<h2>Infraestructura<\/h2>\n<p>[\/et_pb_text][\/et_pb_column][\/et_pb_row][et_pb_row column_structure=\u00bb1_3,1_3,1_3&#8243; _builder_version=\u00bb4.16&#8243; global_colors_info=\u00bb{}\u00bb][et_pb_column type=\u00bb1_3&#8243; _builder_version=\u00bb4.16&#8243; global_colors_info=\u00bb{}\u00bb][et_pb_text _builder_version=\u00bb4.16&#8243; text_font=\u00bbUbuntu||||||||\u00bb text_line_height=\u00bb1.8em\u00bb header_3_font=\u00bbUbuntu|700|||||||\u00bb header_3_font_size=\u00bb18px\u00bb header_3_line_height=\u00bb1.4em\u00bb custom_padding=\u00bb19px|||||\u00bb global_colors_info=\u00bb{}\u00bb]<\/p>\n<p><span>El Centro de Informaci\u00f3n y Documentaci\u00f3n cuenta con una superficie para sus \u00e1reas administrativas de 205 m2 que sumados a 3,767 m2 de superficie en su Biblioteca \u201cDr. Egidio G. Rebonato\u201d, dan un total de 3,972 m2.<\/span>.<\/p>\n<p>[\/et_pb_text][\/et_pb_column][et_pb_column type=\u00bb1_3&#8243; _builder_version=\u00bb4.16&#8243; global_colors_info=\u00bb{}\u00bb][et_pb_text _builder_version=\u00bb4.24.2&#8243; text_font=\u00bbUbuntu||||||||\u00bb text_line_height=\u00bb1.8em\u00bb header_3_font=\u00bbUbuntu|700|||||||\u00bb header_3_font_size=\u00bb18px\u00bb header_3_line_height=\u00bb1.4em\u00bb locked=\u00bboff\u00bb global_colors_info=\u00bb{}\u00bb]<\/p>\n<h3>Ubicaci\u00f3n<\/h3>\n<p>Calz. Antonio Narro 1923, Buenavista, 25315. Saltillo, Coahuila de Zaragoza.<\/p>\n<p>[\/et_pb_text][\/et_pb_column][et_pb_column type=\u00bb1_3&#8243; _builder_version=\u00bb4.16&#8243; global_colors_info=\u00bb{}\u00bb][et_pb_text _builder_version=\u00bb4.16&#8243; text_font=\u00bbUbuntu||||||||\u00bb text_line_height=\u00bb1.8em\u00bb header_3_font=\u00bbUbuntu|700|||||||\u00bb header_3_font_size=\u00bb18px\u00bb header_3_line_height=\u00bb1.4em\u00bb locked=\u00bboff\u00bb global_colors_info=\u00bb{}\u00bb]<\/p>\n<h3>Horario de servicio<\/h3>\n<p>Lunes a viernes :\u00a08:00 am a 8:00 pm<\/p>\n<p>S\u00e1bados :\u00a08:00 am a 3:00 pm<\/p>\n<p>&nbsp;<\/p>\n<p>[\/et_pb_text][\/et_pb_column][\/et_pb_row][et_pb_row _builder_version=\u00bb4.16&#8243; locked=\u00bboff\u00bb global_colors_info=\u00bb{}\u00bb][et_pb_column type=\u00bb4_4&#8243; _builder_version=\u00bb4.16&#8243; global_colors_info=\u00bb{}\u00bb][et_pb_image src=\u00bbhttps:\/\/biblioteca.uaaan.edu.mx\/wp-content\/uploads\/2024\/02\/freelance-writer-07.png\u00bb title_text=\u00bbfreelance-writer-07&#8243; admin_label=\u00bbImage\u00bb _builder_version=\u00bb4.16&#8243; custom_margin=\u00bb||10px||false|false\u00bb global_colors_info=\u00bb{}\u00bb][\/et_pb_image][\/et_pb_column][\/et_pb_row][\/et_pb_section][et_pb_section fb_built=\u00bb1&#8243; admin_label=\u00bbCall to Action\u00bb _builder_version=\u00bb4.16&#8243; background_color=\u00bb#fee141&#8243; background_enable_image=\u00bboff\u00bb background_size=\u00bbcontain\u00bb background_position=\u00bbbottom_left\u00bb locked=\u00bboff\u00bb global_colors_info=\u00bb{}\u00bb][\/et_pb_section][et_pb_section fb_built=\u00bb1&#8243; admin_label=\u00bbFooter\u00bb _builder_version=\u00bb4.16&#8243; locked=\u00bboff\u00bb global_colors_info=\u00bb{}\u00bb][et_pb_row column_structure=\u00bb1_2,1_2&#8243; _builder_version=\u00bb4.24.2&#8243; hover_enabled=\u00bb0&#8243; custom_css_main_element=\u00bboverflow: visible !important;\u00bb global_colors_info=\u00bb{}\u00bb sticky_enabled=\u00bb0&#8243;][et_pb_column type=\u00bb1_2&#8243; _builder_version=\u00bb4.16&#8243; global_colors_info=\u00bb{}\u00bb][et_pb_map _builder_version=\u00bb4.24.2&#8243; _module_preset=\u00bbc0faf2d7-703c-48c7-8c3c-240366ee33e9&#8243; link_option_url=\u00bbhttps:\/\/maps.app.goo.gl\/8TvhxkxwRgxYB6fw8&#8243; hover_enabled=\u00bb0&#8243; sticky_enabled=\u00bb0&#8243; address=\u00bbhttps:\/\/maps.app.goo.gl\/8TvhxkxwRgxYB6fw8&#8243;][\/et_pb_map][\/et_pb_column][et_pb_column type=\u00bb1_2&#8243; _builder_version=\u00bb4.16&#8243; global_colors_info=\u00bb{}\u00bb][et_pb_text _builder_version=\u00bb4.24.2&#8243; header_2_text_color=\u00bb#000000&#8243; header_3_font=\u00bbUbuntu|700|||||||\u00bb header_3_line_height=\u00bb1.5em\u00bb custom_margin=\u00bb||0px||false|false\u00bb hover_enabled=\u00bb0&#8243; locked=\u00bboff\u00bb global_colors_info=\u00bb{}\u00bb sticky_enabled=\u00bb0&#8243;]<\/p>\n<h3>Cont\u00e1ctanos<\/h3>\n<p>[\/et_pb_text][et_pb_social_media_follow _builder_version=\u00bb4.16&#8243; text_orientation=\u00bbcenter\u00bb border_radii=\u00bbon|30px|30px|30px|30px\u00bb locked=\u00bboff\u00bb global_colors_info=\u00bb{}\u00bb][et_pb_social_media_follow_network social_network=\u00bbfacebook\u00bb _builder_version=\u00bb4.16&#8243; background_color=\u00bb#000000&#8243; background_enable_color=\u00bbon\u00bb custom_margin=\u00bb|8px||8px|false|true\u00bb custom_padding=\u00bb10px|10px|10px|10px|true|true\u00bb global_colors_info=\u00bb{}\u00bb follow_button=\u00bboff\u00bb url_new_window=\u00bbon\u00bb]facebook[\/et_pb_social_media_follow_network][et_pb_social_media_follow_network social_network=\u00bbtwitter\u00bb _builder_version=\u00bb4.16&#8243; background_color=\u00bb#000000&#8243; background_enable_color=\u00bbon\u00bb custom_margin=\u00bb|8px||8px|false|true\u00bb custom_padding=\u00bb10px|10px|10px|10px|true|true\u00bb global_colors_info=\u00bb{}\u00bb follow_button=\u00bboff\u00bb url_new_window=\u00bbon\u00bb]twitter[\/et_pb_social_media_follow_network][et_pb_social_media_follow_network social_network=\u00bbinstagram\u00bb _builder_version=\u00bb4.16&#8243; background_color=\u00bb#000000&#8243; background_enable_color=\u00bbon\u00bb custom_margin=\u00bb|8px||8px|false|true\u00bb custom_padding=\u00bb10px|10px|10px|10px|true|true\u00bb global_colors_info=\u00bb{}\u00bb follow_button=\u00bboff\u00bb url_new_window=\u00bbon\u00bb]instagram[\/et_pb_social_media_follow_network][\/et_pb_social_media_follow][\/et_pb_column][\/et_pb_row][\/et_pb_section]<\/p>\n","protected":false},"excerpt":{"rendered":"<p>UAAAN\u00bfQuienes somos?Don Jos\u00e9 Antonio Narro Rodr\u00edguez \u00a0 (1840-1912)Antecedentes hist\u00f3ricos En su testamento Don Antonio Narro Rodr\u00edguez (1840 \u2013 1912) noble y generoso agricultor leg\u00f3 al morir toda su fortuna para la fundaci\u00f3n de la escuela que lleva su nombre. Deja la hacienda de Buenavista, con todos sus enseres y aperos de labranza, y en distintos [&hellip;]<\/p>\n","protected":false},"author":1,"featured_media":0,"parent":0,"menu_order":0,"comment_status":"closed","ping_status":"open","template":"","meta":{"_et_pb_use_builder":"on","_et_pb_old_content":"<!-- wp:paragraph -->\n<p>This is an example page. It's different from a blog post because it will stay in one place and will show up in your site navigation (in most themes). Most people start with an About page that introduces them to potential site visitors. It might say something like this:<\/p>\n<!-- \/wp:paragraph -->\n\n<!-- wp:quote -->\n<blockquote class=\"wp-block-quote\"><p>Hi there! I'm a bike messenger by day, aspiring actor by night, and this is my website. I live in Los Angeles, have a great dog named Jack, and I like pi&#241;a coladas. (And gettin' caught in the rain.)<\/p><\/blockquote>\n<!-- \/wp:quote -->\n\n<!-- wp:paragraph -->\n<p>...or something like this:<\/p>\n<!-- \/wp:paragraph -->\n\n<!-- wp:quote -->\n<blockquote class=\"wp-block-quote\"><p>The XYZ Doohickey Company was founded in 1971, and has been providing quality doohickeys to the public ever since. Located in Gotham City, XYZ employs over 2,000 people and does all kinds of awesome things for the Gotham community.<\/p><\/blockquote>\n<!-- \/wp:quote -->\n\n<!-- wp:paragraph -->\n<p>As a new WordPress user, you should go to <a href=\"https:\/\/biblioteca.uaaan.edu.mx\/wp-admin\/\">your dashboard<\/a> to delete this page and create new pages for your content. Have fun!<\/p>\n<!-- \/wp:paragraph -->","_et_gb_content_width":"","footnotes":""},"class_list":["post-2","page","type-page","status-publish","hentry"],"_links":{"self":[{"href":"https:\/\/biblioteca.uaaan.edu.mx\/index.php\/wp-json\/wp\/v2\/pages\/2","targetHints":{"allow":["GET"]}}],"collection":[{"href":"https:\/\/biblioteca.uaaan.edu.mx\/index.php\/wp-json\/wp\/v2\/pages"}],"about":[{"href":"https:\/\/biblioteca.uaaan.edu.mx\/index.php\/wp-json\/wp\/v2\/types\/page"}],"author":[{"embeddable":true,"href":"https:\/\/biblioteca.uaaan.edu.mx\/index.php\/wp-json\/wp\/v2\/users\/1"}],"replies":[{"embeddable":true,"href":"https:\/\/biblioteca.uaaan.edu.mx\/index.php\/wp-json\/wp\/v2\/comments?post=2"}],"version-history":[{"count":7,"href":"https:\/\/biblioteca.uaaan.edu.mx\/index.php\/wp-json\/wp\/v2\/pages\/2\/revisions"}],"predecessor-version":[{"id":89,"href":"https:\/\/biblioteca.uaaan.edu.mx\/index.php\/wp-json\/wp\/v2\/pages\/2\/revisions\/89"}],"wp:attachment":[{"href":"https:\/\/biblioteca.uaaan.edu.mx\/index.php\/wp-json\/wp\/v2\/media?parent=2"}],"curies":[{"name":"wp","href":"https:\/\/api.w.org\/{rel}","templated":true}]}}